{"id":142,"date":"2023-05-02T16:32:47","date_gmt":"2023-05-02T14:32:47","guid":{"rendered":"http:\/\/larmoireabiere.com\/?page_id=142"},"modified":"2025-11-21T13:20:13","modified_gmt":"2025-11-21T12:20:13","slug":"elementor-142","status":"publish","type":"page","link":"https:\/\/larmoireabiere.com\/","title":{"rendered":"Accueil"},"content":{"rendered":"\t\t<div data-elementor-type=\"wp-page\" data-elementor-id=\"142\" class=\"elementor elementor-142\">\n\t\t\t\t\t\t\t\t\t<section class=\"elementor-section elementor-top-section elementor-element elementor-element-3f31602d elementor-section-boxed elementor-section-height-default elementor-section-height-default\" data-id=\"3f31602d\" data-element_type=\"section\">\n\t\t\t\t\t\t<div class=\"elementor-container elementor-column-gap-default\">\n\t\t\t\t\t<div class=\"elementor-column elementor-col-100 elementor-top-column elementor-element elementor-element-7e8e282a\" data-id=\"7e8e282a\" data-element_type=\"column\">\n\t\t\t<div class=\"elementor-widget-wrap elementor-element-populated\">\n\t\t\t\t\t\t\t\t<div class=\"elementor-element elementor-element-21b00a6 elementor-widget elementor-widget-heading\" data-id=\"21b00a6\" data-element_type=\"widget\" data-widget_type=\"heading.default\">\n\t\t\t\t<div class=\"elementor-widget-container\">\n\t\t\t<style>\/*! elementor - v3.12.2 - 23-04-2023 *\/\n.elementor-heading-title{padding:0;margin:0;line-height:1}.elementor-widget-heading .elementor-heading-title[class*=elementor-size-]>a{color:inherit;font-size:inherit;line-height:inherit}.elementor-widget-heading .elementor-heading-title.elementor-size-small{font-size:15px}.elementor-widget-heading .elementor-heading-title.elementor-size-medium{font-size:19px}.elementor-widget-heading .elementor-heading-title.elementor-size-large{font-size:29px}.elementor-widget-heading .elementor-heading-title.elementor-size-xl{font-size:39px}.elementor-widget-heading .elementor-heading-title.elementor-size-xxl{font-size:59px}<\/style><h2 class=\"elementor-heading-title elementor-size-default\">Les f\u00eates de fin d'ann\u00e9e approchent !<\/h2>\t\t<\/div>\n\t\t\t\t<\/div>\n\t\t\t\t<div class=\"elementor-element elementor-element-51c19e4 elementor-widget__width-initial elementor-widget elementor-widget-text-editor\" data-id=\"51c19e4\" data-element_type=\"widget\" data-widget_type=\"text-editor.default\">\n\t\t\t\t<div class=\"elementor-widget-container\">\n\t\t\t<style>\/*! elementor - v3.12.2 - 23-04-2023 *\/\n.elementor-widget-text-editor.elementor-drop-cap-view-stacked .elementor-drop-cap{background-color:#69727d;color:#fff}.elementor-widget-text-editor.elementor-drop-cap-view-framed .elementor-drop-cap{color:#69727d;border:3px solid;background-color:transparent}.elementor-widget-text-editor:not(.elementor-drop-cap-view-default) .elementor-drop-cap{margin-top:8px}.elementor-widget-text-editor:not(.elementor-drop-cap-view-default) .elementor-drop-cap-letter{width:1em;height:1em}.elementor-widget-text-editor .elementor-drop-cap{float:left;text-align:center;line-height:1;font-size:50px}.elementor-widget-text-editor .elementor-drop-cap-letter{display:inline-block}<\/style>\t\t\t\t<p>L&rsquo;Armoire est ouverte tous les mardis et tous les vendredis de 16h00 \u00e0 19h00, n&rsquo;h\u00e9sitez pas \u00e0 venir acheter \u00e0 emporter\/d\u00e9guster une bi\u00e8re !\u00a0<\/p>\n<p>Si vous voulez glisser une bi\u00e8re de l&rsquo;Armoire sous le sapin de No\u00ebl, o\u00f9 en partager une avec vos ami.e.s et\/ou votre famille autour d&rsquo;une table, voici quelques rendez-vous :<\/p>\n<p><img loading=\"lazy\" decoding=\"async\" class=\" wp-image-355 aligncenter\" src=\"https:\/\/larmoireabiere.com\/wp-content\/uploads\/2025\/11\/marches-page001-212x300.png\" alt=\"\" width=\"454\" height=\"643\" srcset=\"https:\/\/larmoireabiere.com\/wp-content\/uploads\/2025\/11\/marches-page001-212x300.png 212w, https:\/\/larmoireabiere.com\/wp-content\/uploads\/2025\/11\/marches-page001-724x1024.png 724w, https:\/\/larmoireabiere.com\/wp-content\/uploads\/2025\/11\/marches-page001-768x1086.png 768w, https:\/\/larmoireabiere.com\/wp-content\/uploads\/2025\/11\/marches-page001-1086x1536.png 1086w, https:\/\/larmoireabiere.com\/wp-content\/uploads\/2025\/11\/marches-page001-1448x2048.png 1448w, https:\/\/larmoireabiere.com\/wp-content\/uploads\/2025\/11\/marches-page001-scaled.png 1810w\" sizes=\"auto, (max-width: 454px) 100vw, 454px\" \/><\/p>\n<p>Pour l&rsquo;occasion des f\u00eates de fin d&rsquo;ann\u00e9e, comme les ann\u00e9es pr\u00e9c\u00e9dentes, la bi\u00e8res de Noel arrive !<\/p>\n<p>\u00a0<\/p>\n<p>\u00a0<\/p>\n<hr \/>\n<p><strong>L&rsquo;Armoire \u00e0 Bi\u00e8re est une microbrasserie situ\u00e9e \u00e0 la Capelle-Bleys dans l&rsquo;Aveyron, dans le S\u00e9gala. <\/strong><strong>Elle \u00e0 ouvert ses portes en mai 2022 : une toute petite brasserie, dans un joli centre bourg.<\/strong><\/p>\n<div><strong>\u00a0<\/strong><\/div>\n<p style=\"text-align: left;\">Nous produisons des bi\u00e8res localement pour une distribution en circuit court. La production de l&rsquo;Armoire repose sur la volont\u00e9 d&rsquo;y inscrire les principes et les valeurs qui nous animent au quotidien. Une production soucieuse de son impact environnemental et \u00e9cologique, la volont\u00e9 de travailler en collaboration avec des agriculteurs et des\u00a0 agricultrices d\u00e9fendant ces m\u00eames convictions. Tout cela se co-construit avec les actrices et les acteurs locaux avec qui nous partageons l&rsquo;envie de promouvoir une \u00e9conomie responsable et r\u00e9fl\u00e9chie.<\/p>\n<p style=\"text-align: left;\">Si vous avez des questions, n&rsquo;h\u00e9sitez pas \u00e0 pousser la porte de l&rsquo;Armoire et \u00e0 venir voir o\u00f9 et comment se cr\u00e9ent les potions qui je l&rsquo;esp\u00e8re, sauront enjailler vos sens et vos papilles !<\/p>\n<p>\u00a0<\/p>\n<p><strong><img loading=\"lazy\" decoding=\"async\" class=\"aligncenter\" src=\"https:\/\/larmoireabiere.com\/wp-content\/uploads\/2023\/05\/montage.png\" sizes=\"auto, 100vw\" srcset=\"https:\/\/larmoireabiere.com\/wp-content\/uploads\/2023\/05\/montage.png 2800w, https:\/\/larmoireabiere.com\/wp-content\/uploads\/2023\/05\/montage-300x193.png 300w, https:\/\/larmoireabiere.com\/wp-content\/uploads\/2023\/05\/montage-1024x658.png 1024w, https:\/\/larmoireabiere.com\/wp-content\/uploads\/2023\/05\/montage-768x494.png 768w, https:\/\/larmoireabiere.com\/wp-content\/uploads\/2023\/05\/montage-1536x987.png 1536w, https:\/\/larmoireabiere.com\/wp-content\/uploads\/2023\/05\/montage-2048x1317.png 2048w\" alt=\"\" width=\"2800\" height=\"1800\" \/><\/strong><\/p>\n<p><!-- wp:embed {\"url\":\"https:\/\/peertube.fr\/w\/f9qEgsW9maPn5RF14CZwgv\",\"type\":\"wp-embed\",\"providerNameSlug\":\"peertube\",\"responsive\":true,\"align\":\"center\",\"className\":\"wp-embed-aspect-16-9 wp-has-aspect-ratio\"} --><!-- \/wp:embed --><\/p>\n<p>\u00a0<\/p>\t\t\t\t\t\t<\/div>\n\t\t\t\t<\/div>\n\t\t\t\t\t<\/div>\n\t\t<\/div>\n\t\t\t\t\t\t\t<\/div>\n\t\t<\/section>\n\t\t\t\t\t\t\t<\/div>\n\t\t","protected":false},"excerpt":{"rendered":"<p>Les f\u00eates de fin d&rsquo;ann\u00e9e approchent ! L&rsquo;Armoire est ouverte tous les mardis et tous les vendredis de 16h00 \u00e0 19h00, n&rsquo;h\u00e9sitez pas \u00e0 venir acheter \u00e0 emporter\/d\u00e9guster une bi\u00e8re !\u00a0 Si vous voulez glisser une bi\u00e8re de l&rsquo;Armoire sous le sapin de No\u00ebl, o\u00f9 en partager une avec vos ami.e.s et\/ou votre famille autour &hellip; <\/p>\n<p class=\"link-more\"><a href=\"https:\/\/larmoireabiere.com\/\" class=\"more-link\">Continuer la lecture<span class=\"screen-reader-text\"> de &laquo;&nbsp;Accueil&nbsp;&raquo;<\/span><\/a><\/p>\n","protected":false},"author":1,"featured_media":0,"parent":0,"menu_order":0,"comment_status":"closed","ping_status":"closed","template":"","meta":{"footnotes":""},"class_list":["post-142","page","type-page","status-publish","hentry"],"_links":{"self":[{"href":"https:\/\/larmoireabiere.com\/index.php?rest_route=\/wp\/v2\/pages\/142","targetHints":{"allow":["GET"]}}],"collection":[{"href":"https:\/\/larmoireabiere.com\/index.php?rest_route=\/wp\/v2\/pages"}],"about":[{"href":"https:\/\/larmoireabiere.com\/index.php?rest_route=\/wp\/v2\/types\/page"}],"author":[{"embeddable":true,"href":"https:\/\/larmoireabiere.com\/index.php?rest_route=\/wp\/v2\/users\/1"}],"replies":[{"embeddable":true,"href":"https:\/\/larmoireabiere.com\/index.php?rest_route=%2Fwp%2Fv2%2Fcomments&post=142"}],"version-history":[{"count":57,"href":"https:\/\/larmoireabiere.com\/index.php?rest_route=\/wp\/v2\/pages\/142\/revisions"}],"predecessor-version":[{"id":362,"href":"https:\/\/larmoireabiere.com\/index.php?rest_route=\/wp\/v2\/pages\/142\/revisions\/362"}],"wp:attachment":[{"href":"https:\/\/larmoireabiere.com\/index.php?rest_route=%2Fwp%2Fv2%2Fmedia&parent=142"}],"curies":[{"name":"wp","href":"https:\/\/api.w.org\/{rel}","templated":true}]}}